{"id":14,"date":"2020-11-17T06:57:51","date_gmt":"2020-11-17T06:57:51","guid":{"rendered":"https:\/\/www.alupan.net\/site\/contact-us\/"},"modified":"2021-02-02T09:07:37","modified_gmt":"2021-02-02T09:07:37","slug":"contact-us","status":"publish","type":"page","link":"https:\/\/www.alupan.net\/site\/contact-us\/","title":{"rendered":"Contacto"},"content":{"rendered":"<div class=\"boldgrid-section\">\n<div class=\"container\">\n<div class=\"row\">\n<div class=\"col-md-4 col-sm-4 col-xs-12\">\n<h2 class=\"\">Segovia<\/h2>\n<h3 class=\"\"><i class=\"fa fa-1x fa-envelope-o\"><!-- icon --><\/i> Email<\/h3>\n<p class=\"\"><a href=\"mailto:alupa.segovia@itesal.es\">alupa.segovia@itesal.es<\/a><\/p>\n<h3 class=\"\"><i class=\"fa fa-1x fa-phone\"><!-- icon --><\/i> Tel\u00e9fono<\/h3>\n<p class=\"\">+34 921 432 346<\/p>\n<h3 class=\"\"><i class=\"fa fa-1x fa-map-marker\"><!-- icon --><\/i> Address<\/h3>\n<p class=\"\">Gremio del Cuero, 4<\/p>\n<p class=\"\">40195 Segovia<\/p>\n<p class=\"boldgrid-google-maps\" style=\"width: 100%; height: 200px;\"><iframe style=\"width: 100%; height: 100%;\" src=\"https:\/\/maps.google.com\/maps?q=Gremio+del+Cuero%2C+4+-+40195+Segovia&amp;t=m&amp;z=16&amp;output=embed\" frameborder=\"0\"><\/iframe><\/p>\n<p class=\"mod-reset\"><img loading=\"lazy\" decoding=\"async\" class=\"alignnone wp-image-119 size-medium\" src=\"https:\/\/www.alupan.net\/site\/wp-content\/uploads\/2020\/11\/55_0_450_270.2786377709_337-Alupan01-1-1024x582.jpg\" alt=\"\" width=\"450\" height=\"270\" data-imhwpb-built-photo-search=\"52|portrait\"><\/p>\n<\/div>\n<div class=\"col-md-4 col-sm-4 col-xs-12\">\n<h2 class=\"\">Madrid<\/h2>\n<h3 class=\"\"><i class=\"fa fa-1x fa-envelope-o\"><!-- icon --><\/i> Email<\/h3>\n<p class=\"\"><a href=\"mailto:alupan.guadarrama@itesal.es\">alupan.guadarrama@itesal.es<\/a><\/p>\n<h3 class=\"\"><i class=\"fa fa-1x fa-phone\"><!-- icon --><\/i> Tel\u00e9fono<\/h3>\n<p class=\"\">+34 918 543 040<\/p>\n<h3 class=\"\"><i class=\"fa fa-1x fa-map-marker\"><!-- icon --><\/i> Address<\/h3>\n<p class=\"\">Espliego, 32<\/p>\n<p class=\"\">28440 Madrid<\/p>\n<p class=\"boldgrid-google-maps\" style=\"width: 100%; height: 200px;\"><iframe style=\"width: 100%; height: 100%;\" src=\"https:\/\/maps.google.com\/maps?q=Espliego%2C+34+-+28440+Madrid&amp;t=m&amp;z=16&amp;output=embed\" frameborder=\"0\"><\/iframe><\/p>\n<p class=\"mod-reset\"><img loading=\"lazy\" decoding=\"async\" class=\"alignnone wp-image-138 size-medium\" src=\"https:\/\/www.alupan.net\/site\/wp-content\/uploads\/2020\/11\/fachada-guadarrama-300x146.jpg\" alt=\"\" width=\"300\" height=\"146\" data-imhwpb-built-photo-search=\"52|portrait\" srcset=\"https:\/\/www.alupan.net\/site\/wp-content\/uploads\/2020\/11\/fachada-guadarrama-300x146.jpg 300w, https:\/\/www.alupan.net\/site\/wp-content\/uploads\/2020\/11\/fachada-guadarrama-250x122.jpg 250w, https:\/\/www.alupan.net\/site\/wp-content\/uploads\/2020\/11\/fachada-guadarrama-370x180.jpg 370w, https:\/\/www.alupan.net\/site\/wp-content\/uploads\/2020\/11\/fachada-guadarrama.jpg 493w\" sizes=\"auto, (max-width: 300px) 100vw, 300px\" \/><\/p>\n<\/div>\n<div class=\"col-md-4 col-sm-4 col-xs-12\">\n<h2 class=\"\">Avila<\/h2>\n<h3 class=\"\"><i class=\"fa fa-1x fa-envelope-o\"><!-- icon --><\/i> Email<\/h3>\n<p class=\"\"><a href=\"mailto:alupan.avila@itesal.es\">alupan.avila@itesal.es<\/a><\/p>\n<h3 class=\"\"><i class=\"fa fa-1x fa-phone\"><!-- icon --><\/i> Tel\u00e9fono<\/h3>\n<p class=\"\">+34 920 352 641<\/p>\n<h3 class=\"\"><i class=\"fa fa-1x fa-map-marker\"><!-- icon --><\/i> Address<\/h3>\n<p class=\"\">Rio Tera<\/p>\n<p class=\"\">05004 Avila<\/p>\n<p class=\"boldgrid-google-maps\" style=\"width: 100%; height: 200px;\"><iframe style=\"width: 100%; height: 100%;\" src=\"https:\/\/maps.google.com\/maps?q=Rio+Tera%2C+1+-+05004+Avila&amp;t=m&amp;z=16&amp;output=embed\" frameborder=\"0\"><span data-mce-type=\"bookmark\" style=\"display: inline-block; width: 0px; overflow: hidden; line-height: 0;\" class=\"mce_SELRES_start\">\ufeff<\/span><span data-mce-type=\"bookmark\" style=\"display: inline-block; width: 0px; overflow: hidden; line-height: 0;\" class=\"mce_SELRES_start\">\ufeff<\/span><\/iframe><\/p>\n<p class=\"mod-reset\"><img loading=\"lazy\" decoding=\"async\" class=\"alignnone wp-image-137 size-medium\" src=\"https:\/\/www.alupan.net\/site\/wp-content\/uploads\/2020\/11\/0_0_408_244_ALUPAN-AVILA.jpg\" alt=\"\" width=\"408\" height=\"244\" data-imhwpb-built-photo-search=\"52|portrait\"><\/p>\n<\/div>\n<\/div>\n<\/div>\n<\/div>\n","protected":false},"excerpt":{"rendered":"<p>Segovia Email alupa.segovia@itesal.es Tel\u00e9fono +34 921 432 346 Address Gremio del Cuero, 4 40195 Segovia Madrid Email alupan.guadarrama@itesal.es Tel\u00e9fono +34 918 543 040 Address Espliego, 32 28440 Madrid Avila Email alupan.avila@itesal.es Tel\u00e9fono +34 920 352 641 Address Rio Tera 05004 Avila \ufeff\ufeff<\/p>\n","protected":false},"author":1,"featured_media":0,"parent":0,"menu_order":0,"comment_status":"closed","ping_status":"closed","template":"","meta":{"bgseo_title":"","bgseo_description":"","bgseo_robots_index":"index","bgseo_robots_follow":"follow","footnotes":""},"class_list":["post-14","page","type-page","status-publish"],"_links":{"self":[{"href":"https:\/\/www.alupan.net\/site\/wp-json\/wp\/v2\/pages\/14","targetHints":{"allow":["GET"]}}],"collection":[{"href":"https:\/\/www.alupan.net\/site\/wp-json\/wp\/v2\/pages"}],"about":[{"href":"https:\/\/www.alupan.net\/site\/wp-json\/wp\/v2\/types\/page"}],"author":[{"embeddable":true,"href":"https:\/\/www.alupan.net\/site\/wp-json\/wp\/v2\/users\/1"}],"replies":[{"embeddable":true,"href":"https:\/\/www.alupan.net\/site\/wp-json\/wp\/v2\/comments?post=14"}],"version-history":[{"count":9,"href":"https:\/\/www.alupan.net\/site\/wp-json\/wp\/v2\/pages\/14\/revisions"}],"predecessor-version":[{"id":179,"href":"https:\/\/www.alupan.net\/site\/wp-json\/wp\/v2\/pages\/14\/revisions\/179"}],"wp:attachment":[{"href":"https:\/\/www.alupan.net\/site\/wp-json\/wp\/v2\/media?parent=14"}],"curies":[{"name":"wp","href":"https:\/\/api.w.org\/{rel}","templated":true}]}}