{"id":8,"date":"2020-11-17T06:57:51","date_gmt":"2020-11-17T06:57:51","guid":{"rendered":"https:\/\/www.alupan.net\/site\/about-us\/"},"modified":"2020-11-20T16:13:02","modified_gmt":"2020-11-20T16:13:02","slug":"about-us","status":"publish","type":"page","link":"https:\/\/www.alupan.net\/site\/about-us\/","title":{"rendered":"Nosotros"},"content":{"rendered":"<div class=\"boldgrid-section\">\n<div class=\"container\">\n<div class=\"row gridblock\">\n<div class=\"col-md-6 col-xs-12 col-sm-12\">\n<h2 class=\"\">Formamos parte de el Grupo Itesal<\/h2>\n<h4 class=\"\">Extrusi\u00f3n y lacado de perfiles de aluminio<\/h4>\n<div class=\"row gridblock\">\n<div class=\"col-md-12 col-xs-12 col-sm-12\">\n<div class=\"row bg-editor-hr-wrap\">\n<div class=\"col-md-12 col-xs-12 col-sm-12\">\n<hr>\n<\/div>\n<\/div>\n<\/div>\n<\/div>\n<p class=\"\">Contamos con dos potentes prensas de extrusi\u00f3n de&nbsp;<strong>1800 y 2200 TN<\/strong>, una l\u00ednea de lacado vertical capaz de producir&nbsp;<strong>4,5 Millones\/ m2<\/strong>&nbsp;de perfiles de aluminio lacado al a\u00f1o, una l\u00ednea de montaje de&nbsp;<strong>RPT<\/strong>&nbsp;(perfiler\u00eda con&nbsp;<strong>R<\/strong>otura de&nbsp;<strong>P<\/strong>uente&nbsp;<strong>T<\/strong>\u00e9rmico) con dos m\u00e1quinas autom\u00e1ticas&nbsp;<strong>ALLURO<\/strong>&nbsp;productoras de&nbsp;<strong>450.000 barras\/a\u00f1o<\/strong>, toda esta producci\u00f3n se almacenar\u00e1 en una nave de&nbsp;<strong>stock regulador<\/strong>&nbsp;de&nbsp;<strong>3.000 m2.<\/strong><\/p>\n<p class=\"\">&nbsp;<\/p>\n<p class=\"\"><strong>Itesal&nbsp;<\/strong>en resumen, controla todos los procesos de producci\u00f3n y distribuci\u00f3n de la perfiler\u00eda de aluminio.<\/p>\n<div class=\"row gridblock\">\n<div class=\"mod-space\"><\/div>\n<\/div>\n<div class=\"row gridblock\">\n<div class=\"mod-space\"><\/div>\n<\/div>\n<div class=\"gridblock\">\n<p class=\"p-button-primary\"><a class=\"button-primary\" href=\"https:\/\/www.itesalventanas.es\/\">Itesal ventanas<\/a><\/p>\n<\/div>\n<\/div>\n<div class=\"col-md-6 col-sm-12 col-xs-12\">\n<p class=\"mod-img\"><img loading=\"lazy\" decoding=\"async\" class=\"alignnone wp-image-71 size-medium\" src=\"https:\/\/www.alupan.net\/site\/wp-content\/uploads\/2020\/11\/37_0_600_450.4132231405_img_5563.jpg\" alt=\"\" width=\"600\" height=\"450\" data-imhwpb-asset-id=\"780377\"><\/p>\n<p>&nbsp;<\/p>\n<\/div>\n<\/div>\n<\/div>\n<\/div>\n<div class=\"boldgrid-section\">\n<div class=\"container\">\n<div class=\"row\">\n<div class=\"col-md-12 col-xs-12 col-sm-12\"><\/div>\n<\/div>\n<\/div>\n<\/div>\n<div class=\"boldgrid-section\">\n<div class=\"container\">\n<div class=\"row\">\n<div class=\"col-md-12 col-xs-12 col-sm-12\"><\/div>\n<\/div>\n<\/div>\n<\/div>\n<div class=\"boldgrid-section\">\n<div class=\"container\">\n<div class=\"row gridblock\">\n<div class=\"col-md-6 col-margin-bottom text-center col-xs-12 col-sm-12\">\n<p class=\"mod-img\"><img loading=\"lazy\" decoding=\"async\" class=\"alignnone wp-image-70 size-medium\" src=\"https:\/\/www.alupan.net\/site\/wp-content\/uploads\/2020\/11\/37_0_595_446_5a.jpg\" alt=\"\" width=\"595\" height=\"446\" data-imhwpb-asset-id=\"780378\"><\/p>\n<\/div>\n<div class=\"col-md-6 col-margin-bottom col-xs-12 col-sm-12\">\n<h2 class=\"\">En Segovia desde 1979<\/h2>\n<h4 class=\"\">Fundada por Manuel Lucio<\/h4>\n<div class=\"row gridblock\">\n<div class=\"col-md-12 col-xs-12 col-sm-12\">\n<div>\n<div class=\"row bg-editor-hr-wrap\">\n<div class=\"col-md-12 col-xs-12 col-sm-12\">\n<div>\n<hr>\n<\/div>\n<\/div>\n<\/div>\n<\/div>\n<\/div>\n<\/div>\n<p class=\"\">D. Manuel Lucio creo esta empresa desde cero, e introdujo en la provincia la perfiler\u00eda de aluminio, siempre buscando soluciones t\u00e9cnicas que se adaptaran a las necesidades de los Segovianos.<\/p>\n<p class=\"\">Con mucho trabajo y esfuerzo, convirti\u00f3 Alupan en la empresa que proporciona la mejor soluci\u00f3n de carpinter\u00edas de aluminio en la regi\u00f3n, y junto con otras empresas nacionales, creo el grupo Itesal.<\/p>\n<div class=\"row gridblock\">\n<div class=\"mod-space\"><\/div>\n<\/div>\n<div class=\"gridblock\"><\/div>\n<\/div>\n<\/div>\n<\/div>\n<\/div>\n<div class=\"boldgrid-section\">\n<div class=\"container\">\n<div class=\"row\">\n<div class=\"col-md-12 col-xs-12 col-sm-12\"><\/div>\n<\/div>\n<\/div>\n<\/div>\n<div class=\"boldgrid-section\">\n<div class=\"container\">\n<div class=\"row\">\n<div class=\"col-md-12 col-xs-12 col-sm-12\"><\/div>\n<\/div>\n<\/div>\n<\/div>\n<div class=\"boldgrid-section\">\n<div class=\"container\">\n<div class=\"row gridblock\">\n<div class=\"col-md-6 col-margin-bottom col-xs-12 col-sm-12\">\n<h2 class=\"\"><span style=\"color: inherit;\">Servicio Personal<\/span><\/h2>\n<h2 class=\"\"><span style=\"color: inherit; font-size: 20px;\">Nuestros t\u00e9cnicos proporcionan soluciones<\/span><\/h2>\n<div class=\"row gridblock\">\n<div class=\"col-md-12 col-xs-12 col-sm-12\">\n<div class=\"row bg-editor-hr-wrap\">\n<div class=\"col-md-12 col-xs-12 col-sm-12\">\n<hr>\n<\/div>\n<\/div>\n<\/div>\n<\/div>\n<p class=\"\">En nuestro servicio t\u00e9cnico le proporcionamos soluciones custodiadas a las necesidades de su proyecto intentando dar siempre la mejor asistencia para la satisfacci\u00f3n de nuestros clientes.&nbsp;<\/p>\n<p class=\"\">Proporcionamos herramientas y soluciones t\u00e9cnicas, de dise\u00f1o de carpinter\u00eda as\u00ed como programs para calculo de presupuestos, para optimizar y facilitar&nbsp; el proceso de trabajo para que los clientes de nuestros talleres siempre obtengan la mejor soluci\u00f3n de forma r\u00e1pida , eficiente y sustentable.<\/p>\n<\/div>\n<div class=\"col-md-6 col-margin-bottom text-center col-xs-12 col-sm-12\">\n<p class=\"mod-img\"><img loading=\"lazy\" decoding=\"async\" class=\"alignnone wp-image-32 size-full\" src=\"https:\/\/www.alupan.net\/site\/wp-content\/uploads\/2020\/11\/0_51_555_249.75_aHR0cHM6Ly9zb3VyY2UudW5zcGxhc2guY29tLzFfQ01vRnNQZnNvLzYwMHg0NTA_3D-imhwpb-nixnmelhgjm2n4h.jpg\" alt=\"\" width=\"555\" height=\"249\" data-imhwpb-built-photo-search=\"10|landscape\"><\/p>\n<\/div>\n<\/div>\n<\/div>\n<\/div>\n","protected":false},"excerpt":{"rendered":"<p>Formamos parte de el Grupo Itesal Extrusi\u00f3n y lacado de perfiles de aluminio Contamos con dos potentes prensas de extrusi\u00f3n de&nbsp;1800 y 2200 TN, una l\u00ednea de lacado vertical capaz de producir&nbsp;4,5 Millones\/ m2&nbsp;de perfiles de aluminio lacado al a\u00f1o, una l\u00ednea de montaje de&nbsp;RPT&nbsp;(perfiler\u00eda con&nbsp;Rotura de&nbsp;Puente&nbsp;T\u00e9rmico) con dos m\u00e1quinas autom\u00e1ticas&nbsp;ALLURO&nbsp;productoras de&nbsp;450.000 barras\/a\u00f1o, toda esta [&hellip;]<\/p>\n","protected":false},"author":1,"featured_media":0,"parent":0,"menu_order":0,"comment_status":"closed","ping_status":"closed","template":"","meta":{"bgseo_title":"","bgseo_description":"","bgseo_robots_index":"index","bgseo_robots_follow":"follow","footnotes":""},"class_list":["post-8","page","type-page","status-publish"],"_links":{"self":[{"href":"https:\/\/www.alupan.net\/site\/wp-json\/wp\/v2\/pages\/8","targetHints":{"allow":["GET"]}}],"collection":[{"href":"https:\/\/www.alupan.net\/site\/wp-json\/wp\/v2\/pages"}],"about":[{"href":"https:\/\/www.alupan.net\/site\/wp-json\/wp\/v2\/types\/page"}],"author":[{"embeddable":true,"href":"https:\/\/www.alupan.net\/site\/wp-json\/wp\/v2\/users\/1"}],"replies":[{"embeddable":true,"href":"https:\/\/www.alupan.net\/site\/wp-json\/wp\/v2\/comments?post=8"}],"version-history":[{"count":5,"href":"https:\/\/www.alupan.net\/site\/wp-json\/wp\/v2\/pages\/8\/revisions"}],"predecessor-version":[{"id":175,"href":"https:\/\/www.alupan.net\/site\/wp-json\/wp\/v2\/pages\/8\/revisions\/175"}],"wp:attachment":[{"href":"https:\/\/www.alupan.net\/site\/wp-json\/wp\/v2\/media?parent=8"}],"curies":[{"name":"wp","href":"https:\/\/api.w.org\/{rel}","templated":true}]}}